{"id":1564,"date":"2026-02-12T11:18:16","date_gmt":"2026-02-12T11:18:16","guid":{"rendered":"https:\/\/nmmentalcoaching.com\/?page_id=1564"},"modified":"2026-04-06T19:15:54","modified_gmt":"2026-04-06T19:15:54","slug":"mental-coaching-workshops","status":"publish","type":"page","link":"https:\/\/nmmentalcoaching.com\/en\/mental-coaching-workshops\/","title":{"rendered":"Mental Coaching &#8211; Workshops"},"content":{"rendered":"\t\t<div data-elementor-type=\"wp-page\" data-elementor-id=\"1564\" class=\"elementor elementor-1564\" data-elementor-post-type=\"page\">\n\t\t\t\t<div class=\"elementor-element elementor-element-db72af6 e-con-full e-flex e-con e-parent\" data-id=\"db72af6\" data-element_type=\"container\" data-e-type=\"container\" data-settings=\"{&quot;jet_parallax_layout_list&quot;:[],&quot;background_background&quot;:&quot;classic&quot;}\">\n\t\t\t\t<div class=\"elementor-element elementor-element-fb39971 elementor-widget elementor-widget-heading\" data-id=\"fb39971\" data-element_type=\"widget\" data-e-type=\"widget\" data-widget_type=\"heading.default\">\n\t\t\t\t<div class=\"elementor-widget-container\">\n\t\t\t\t\t<h1 class=\"elementor-heading-title elementor-size-default\">Workshops - Mental Coaching<\/h1>\t\t\t\t<\/div>\n\t\t\t\t<\/div>\n\t\t\t\t<\/div>\n\t\t<div class=\"elementor-element elementor-element-6ec3cae e-flex e-con-boxed e-con e-parent\" data-id=\"6ec3cae\" data-element_type=\"container\" data-e-type=\"container\" data-settings=\"{&quot;background_background&quot;:&quot;classic&quot;,&quot;jet_parallax_layout_list&quot;:[]}\">\n\t\t\t\t\t<div class=\"e-con-inner\">\n\t\t\t\t<div class=\"elementor-element elementor-element-d3b9ba4 elementor-widget elementor-widget-heading\" data-id=\"d3b9ba4\" data-element_type=\"widget\" data-e-type=\"widget\" data-widget_type=\"heading.default\">\n\t\t\t\t<div class=\"elementor-widget-container\">\n\t\t\t\t\t<h4 class=\"elementor-heading-title elementor-size-default\">Explora os workshops que j\u00e1 aconteceram e descobre os pr\u00f3ximos eventos para melhorar a tua performance.<\/h4>\t\t\t\t<\/div>\n\t\t\t\t<\/div>\n\t\t\t\t\t<\/div>\n\t\t\t\t<\/div>\n\t\t<div class=\"elementor-element elementor-element-f41418d e-flex e-con-boxed e-con e-parent\" data-id=\"f41418d\" data-element_type=\"container\" data-e-type=\"container\" data-settings=\"{&quot;background_background&quot;:&quot;classic&quot;,&quot;jet_parallax_layout_list&quot;:[]}\">\n\t\t\t\t\t<div class=\"e-con-inner\">\n\t\t\t\t<div class=\"elementor-element elementor-element-3014894 elementor-grid-4 elementor-grid-tablet-2 elementor-grid-mobile-1 elementor-widget elementor-widget-loop-grid\" data-id=\"3014894\" data-element_type=\"widget\" data-e-type=\"widget\" data-settings=\"{&quot;template_id&quot;:1653,&quot;columns&quot;:4,&quot;_skin&quot;:&quot;post&quot;,&quot;columns_tablet&quot;:&quot;2&quot;,&quot;columns_mobile&quot;:&quot;1&quot;,&quot;edit_handle_selector&quot;:&quot;[data-elementor-type=\\&quot;loop-item\\&quot;]&quot;,&quot;row_gap&quot;:{&quot;unit&quot;:&quot;px&quot;,&quot;size&quot;:&quot;&quot;,&quot;sizes&quot;:[]},&quot;row_gap_tablet&quot;:{&quot;unit&quot;:&quot;px&quot;,&quot;size&quot;:&quot;&quot;,&quot;sizes&quot;:[]},&quot;row_gap_mobile&quot;:{&quot;unit&quot;:&quot;px&quot;,&quot;size&quot;:&quot;&quot;,&quot;sizes&quot;:[]}}\" data-widget_type=\"loop-grid.post\">\n\t\t\t\t<div class=\"elementor-widget-container\">\n\t\t\t\t\t\t\t<div class=\"elementor-loop-container elementor-grid\" role=\"list\">\n\t\t<style id=\"loop-dynamic-1653\">.e-loop-item-220 .elementor-element.elementor-element-795936b:not(.elementor-motion-effects-element-type-background), .e-loop-item-220 .elementor-element.elementor-element-795936b > .elementor-motion-effects-container > .elementor-motion-effects-layer{background-image:url(\"https:\/\/nmmentalcoaching.com\/wp-content\/uploads\/2021\/10\/action-activity-adult-262524.jpg\");}<\/style><style id=\"loop-1653\">.elementor-1653 .elementor-element.elementor-element-795936b{--display:flex;--min-height:150px;--justify-content:flex-end;--gap:0px 0px;--row-gap:0px;--column-gap:0px;--padding-top:0px;--padding-bottom:0px;--padding-left:0px;--padding-right:0px;}.elementor-1653 .elementor-element.elementor-element-795936b:not(.elementor-motion-effects-element-type-background), .elementor-1653 .elementor-element.elementor-element-795936b > .elementor-motion-effects-container > .elementor-motion-effects-layer{background-position:center center;background-repeat:no-repeat;background-size:cover;}.elementor-1653 .elementor-element.elementor-element-8155f91{--display:flex;--flex-direction:column;--container-widget-width:calc( ( 1 - var( --container-widget-flex-grow ) ) * 100% );--container-widget-height:initial;--container-widget-flex-grow:0;--container-widget-align-self:initial;--flex-wrap-mobile:wrap;--align-items:flex-start;}.elementor-1653 .elementor-element.elementor-element-8155f91:not(.elementor-motion-effects-element-type-background), .elementor-1653 .elementor-element.elementor-element-8155f91 > .elementor-motion-effects-container > .elementor-motion-effects-layer{background-color:var( --e-global-color-ad82c5b );}.elementor-1653 .elementor-element.elementor-element-7ee77bf{text-align:start;}.elementor-1653 .elementor-element.elementor-element-7ee77bf .elementor-heading-title{font-size:14px;text-transform:none;line-height:1.5em;color:#FFFFFF;}@media(min-width:768px){.elementor-1653 .elementor-element.elementor-element-8155f91{--content-width:100%;}}<\/style>\t\t<div data-elementor-type=\"loop-item\" data-elementor-id=\"1653\" class=\"elementor elementor-1653 e-loop-item e-loop-item-220 post-220 workshops type-workshops status-publish hentry\" data-elementor-post-type=\"elementor_library\" data-custom-edit-handle=\"1\">\n\t\t\t<div class=\"elementor-element elementor-element-795936b e-con-full e-flex e-con e-parent\" data-id=\"795936b\" data-element_type=\"container\" data-e-type=\"container\" data-settings=\"{&quot;background_background&quot;:&quot;classic&quot;,&quot;jet_parallax_layout_list&quot;:[]}\">\n\t\t<div class=\"elementor-element elementor-element-8155f91 e-flex e-con-boxed e-con e-child\" data-id=\"8155f91\" data-element_type=\"container\" data-e-type=\"container\" data-settings=\"{&quot;background_background&quot;:&quot;classic&quot;,&quot;jet_parallax_layout_list&quot;:[]}\">\n\t\t\t\t\t<div class=\"e-con-inner\">\n\t\t\t\t<div class=\"elementor-element elementor-element-7ee77bf elementor-widget elementor-widget-theme-post-title elementor-page-title elementor-widget-heading\" data-id=\"7ee77bf\" data-element_type=\"widget\" data-e-type=\"widget\" data-widget_type=\"theme-post-title.default\">\n\t\t\t\t<div class=\"elementor-widget-container\">\n\t\t\t\t\t<h3 class=\"elementor-heading-title elementor-size-default\"><a href=\"https:\/\/nmmentalcoaching.com\/en\/workshops\/para-alem-da-tecnica-e-da-tatica\/\">Para al\u00e9m da t\u00e9cnica e da t\u00e1tica I<\/a><\/h3>\t\t\t\t<\/div>\n\t\t\t\t<\/div>\n\t\t\t\t\t<\/div>\n\t\t\t\t<\/div>\n\t\t\t\t<\/div>\n\t\t\t\t<\/div>\n\t\t<style id=\"loop-dynamic-1653\">.e-loop-item-1182 .elementor-element.elementor-element-795936b:not(.elementor-motion-effects-element-type-background), .e-loop-item-1182 .elementor-element.elementor-element-795936b > .elementor-motion-effects-container > .elementor-motion-effects-layer{background-image:url(\"https:\/\/nmmentalcoaching.com\/wp-content\/uploads\/2021\/11\/180416_r31876.jpg\");}<\/style>\t\t<div data-elementor-type=\"loop-item\" data-elementor-id=\"1653\" class=\"elementor elementor-1653 e-loop-item e-loop-item-1182 post-1182 workshops type-workshops status-publish hentry\" data-elementor-post-type=\"elementor_library\" data-custom-edit-handle=\"1\">\n\t\t\t<div class=\"elementor-element elementor-element-795936b e-con-full e-flex e-con e-parent\" data-id=\"795936b\" data-element_type=\"container\" data-e-type=\"container\" data-settings=\"{&quot;background_background&quot;:&quot;classic&quot;,&quot;jet_parallax_layout_list&quot;:[]}\">\n\t\t<div class=\"elementor-element elementor-element-8155f91 e-flex e-con-boxed e-con e-child\" data-id=\"8155f91\" data-element_type=\"container\" data-e-type=\"container\" data-settings=\"{&quot;background_background&quot;:&quot;classic&quot;,&quot;jet_parallax_layout_list&quot;:[]}\">\n\t\t\t\t\t<div class=\"e-con-inner\">\n\t\t\t\t<div class=\"elementor-element elementor-element-7ee77bf elementor-widget elementor-widget-theme-post-title elementor-page-title elementor-widget-heading\" data-id=\"7ee77bf\" data-element_type=\"widget\" data-e-type=\"widget\" data-widget_type=\"theme-post-title.default\">\n\t\t\t\t<div class=\"elementor-widget-container\">\n\t\t\t\t\t<h3 class=\"elementor-heading-title elementor-size-default\"><a href=\"https:\/\/nmmentalcoaching.com\/en\/workshops\/polaridades-na-alta-competicao\/\">Para al\u00e9m da t\u00e9cnica e da t\u00e1tica II<\/a><\/h3>\t\t\t\t<\/div>\n\t\t\t\t<\/div>\n\t\t\t\t\t<\/div>\n\t\t\t\t<\/div>\n\t\t\t\t<\/div>\n\t\t\t\t<\/div>\n\t\t<style id=\"loop-dynamic-1653\">.e-loop-item-1331 .elementor-element.elementor-element-795936b:not(.elementor-motion-effects-element-type-background), .e-loop-item-1331 .elementor-element.elementor-element-795936b > .elementor-motion-effects-container > .elementor-motion-effects-layer{background-image:url(\"https:\/\/nmmentalcoaching.com\/wp-content\/uploads\/2024\/06\/pais_atletas-2.jpg\");}<\/style>\t\t<div data-elementor-type=\"loop-item\" data-elementor-id=\"1653\" class=\"elementor elementor-1653 e-loop-item e-loop-item-1331 post-1331 workshops type-workshops status-publish hentry\" data-elementor-post-type=\"elementor_library\" data-custom-edit-handle=\"1\">\n\t\t\t<div class=\"elementor-element elementor-element-795936b e-con-full e-flex e-con e-parent\" data-id=\"795936b\" data-element_type=\"container\" data-e-type=\"container\" data-settings=\"{&quot;background_background&quot;:&quot;classic&quot;,&quot;jet_parallax_layout_list&quot;:[]}\">\n\t\t<div class=\"elementor-element elementor-element-8155f91 e-flex e-con-boxed e-con e-child\" data-id=\"8155f91\" data-element_type=\"container\" data-e-type=\"container\" data-settings=\"{&quot;background_background&quot;:&quot;classic&quot;,&quot;jet_parallax_layout_list&quot;:[]}\">\n\t\t\t\t\t<div class=\"e-con-inner\">\n\t\t\t\t<div class=\"elementor-element elementor-element-7ee77bf elementor-widget elementor-widget-theme-post-title elementor-page-title elementor-widget-heading\" data-id=\"7ee77bf\" data-element_type=\"widget\" data-e-type=\"widget\" data-widget_type=\"theme-post-title.default\">\n\t\t\t\t<div class=\"elementor-widget-container\">\n\t\t\t\t\t<h3 class=\"elementor-heading-title elementor-size-default\"><a href=\"https:\/\/nmmentalcoaching.com\/en\/workshops\/apoiando-o-meu-filho-atleta\/\">Apoiando o Meu filho Atleta I<\/a><\/h3>\t\t\t\t<\/div>\n\t\t\t\t<\/div>\n\t\t\t\t\t<\/div>\n\t\t\t\t<\/div>\n\t\t\t\t<\/div>\n\t\t\t\t<\/div>\n\t\t<style id=\"loop-dynamic-1653\">.e-loop-item-1375 .elementor-element.elementor-element-795936b:not(.elementor-motion-effects-element-type-background), .e-loop-item-1375 .elementor-element.elementor-element-795936b > .elementor-motion-effects-container > .elementor-motion-effects-layer{background-image:url(\"https:\/\/nmmentalcoaching.com\/wp-content\/uploads\/2024\/10\/pais-05.jpg\");}<\/style>\t\t<div data-elementor-type=\"loop-item\" data-elementor-id=\"1653\" class=\"elementor elementor-1653 e-loop-item e-loop-item-1375 post-1375 workshops type-workshops status-publish hentry\" data-elementor-post-type=\"elementor_library\" data-custom-edit-handle=\"1\">\n\t\t\t<div class=\"elementor-element elementor-element-795936b e-con-full e-flex e-con e-parent\" data-id=\"795936b\" data-element_type=\"container\" data-e-type=\"container\" data-settings=\"{&quot;background_background&quot;:&quot;classic&quot;,&quot;jet_parallax_layout_list&quot;:[]}\">\n\t\t<div class=\"elementor-element elementor-element-8155f91 e-flex e-con-boxed e-con e-child\" data-id=\"8155f91\" data-element_type=\"container\" data-e-type=\"container\" data-settings=\"{&quot;background_background&quot;:&quot;classic&quot;,&quot;jet_parallax_layout_list&quot;:[]}\">\n\t\t\t\t\t<div class=\"e-con-inner\">\n\t\t\t\t<div class=\"elementor-element elementor-element-7ee77bf elementor-widget elementor-widget-theme-post-title elementor-page-title elementor-widget-heading\" data-id=\"7ee77bf\" data-element_type=\"widget\" data-e-type=\"widget\" data-widget_type=\"theme-post-title.default\">\n\t\t\t\t<div class=\"elementor-widget-container\">\n\t\t\t\t\t<h3 class=\"elementor-heading-title elementor-size-default\"><a href=\"https:\/\/nmmentalcoaching.com\/en\/workshops\/apoiando-o-meu-filho-atleta-ii\/\">Apoiando o meu filho atleta II<\/a><\/h3>\t\t\t\t<\/div>\n\t\t\t\t<\/div>\n\t\t\t\t\t<\/div>\n\t\t\t\t<\/div>\n\t\t\t\t<\/div>\n\t\t\t\t<\/div>\n\t\t\t\t<\/div>\n\t\t\n\t\t\t\t\t\t<\/div>\n\t\t\t\t<\/div>\n\t\t\t\t\t<\/div>\n\t\t\t\t<\/div>\n\t\t\t\t<\/div>\n\t\t","protected":false},"excerpt":{"rendered":"<p>Workshops &#8211; Mental Coaching Explora os workshops que j\u00e1 aconteceram e descobre os pr\u00f3ximos eventos para melhorar a tua performance.<\/p>","protected":false},"author":4,"featured_media":0,"parent":0,"menu_order":0,"comment_status":"closed","ping_status":"closed","template":"elementor_header_footer","meta":{"footnotes":""},"class_list":["post-1564","page","type-page","status-publish","hentry"],"_links":{"self":[{"href":"https:\/\/nmmentalcoaching.com\/en\/wp-json\/wp\/v2\/pages\/1564","targetHints":{"allow":["GET"]}}],"collection":[{"href":"https:\/\/nmmentalcoaching.com\/en\/wp-json\/wp\/v2\/pages"}],"about":[{"href":"https:\/\/nmmentalcoaching.com\/en\/wp-json\/wp\/v2\/types\/page"}],"author":[{"embeddable":true,"href":"https:\/\/nmmentalcoaching.com\/en\/wp-json\/wp\/v2\/users\/4"}],"replies":[{"embeddable":true,"href":"https:\/\/nmmentalcoaching.com\/en\/wp-json\/wp\/v2\/comments?post=1564"}],"version-history":[{"count":58,"href":"https:\/\/nmmentalcoaching.com\/en\/wp-json\/wp\/v2\/pages\/1564\/revisions"}],"predecessor-version":[{"id":2192,"href":"https:\/\/nmmentalcoaching.com\/en\/wp-json\/wp\/v2\/pages\/1564\/revisions\/2192"}],"wp:attachment":[{"href":"https:\/\/nmmentalcoaching.com\/en\/wp-json\/wp\/v2\/media?parent=1564"}],"curies":[{"name":"wp","href":"https:\/\/api.w.org\/{rel}","templated":true}]}}